{"id":323,"date":"2025-06-20T19:46:58","date_gmt":"2025-06-20T22:46:58","guid":{"rendered":"https:\/\/tudonoticiado.com\/?page_id=323"},"modified":"2026-03-01T11:47:54","modified_gmt":"2026-03-01T14:47:54","slug":"quem-somos","status":"publish","type":"page","link":"https:\/\/v17portal.com\/mundov17\/quem-somos\/","title":{"rendered":"Quem somos"},"content":{"rendered":"\t\t<div data-elementor-type=\"wp-page\" data-elementor-id=\"323\" class=\"elementor elementor-323\" data-elementor-post-type=\"page\">\n\t\t\t\t<div class=\"elementor-element elementor-element-ebf2157 e-flex e-con-boxed e-con e-parent\" data-id=\"ebf2157\" data-element_type=\"container\" data-e-type=\"container\">\n\t\t\t\t\t<div class=\"e-con-inner\">\n\t\t<div class=\"elementor-element elementor-element-d3b191f e-con-full e-flex e-con e-child\" data-id=\"d3b191f\" data-element_type=\"container\" data-e-type=\"container\">\n\t\t\t\t<div class=\"elementor-element elementor-element-b1e7d25 elementor-widget elementor-widget-heading\" data-id=\"b1e7d25\" data-element_type=\"widget\" data-e-type=\"widget\" data-widget_type=\"heading.default\">\n\t\t\t\t<div class=\"elementor-widget-container\">\n\t\t\t\t\t<h1 class=\"elementor-heading-title elementor-size-default\">Quem somos<\/h1>\t\t\t\t<\/div>\n\t\t\t\t<\/div>\n\t\t\t\t<div class=\"elementor-element elementor-element-f6f0820 elementor-widget elementor-widget-text-editor\" data-id=\"f6f0820\" data-element_type=\"widget\" data-e-type=\"widget\" data-widget_type=\"text-editor.default\">\n\t\t\t\t<div class=\"elementor-widget-container\">\n\t\t\t\t\t\t\t\t\t<p>A Reda\u00e7\u00e3o Portal V17 \u00e9 um time editorial com olhar apurado para o que move o mundo. Desde as tend\u00eancias que viralizam aos fatos que despertam reflex\u00e3o. Nossa equipe \u00e9 formada por redatores com experi\u00eancia em tend\u00eancias digitais, curadoria de conte\u00fado e an\u00e1lise de comportamento, comprometidos com a entrega de informa\u00e7\u00e3o leve, confi\u00e1vel e 100% original.<\/p>\t\t\t\t\t\t\t\t<\/div>\n\t\t\t\t<\/div>\n\t\t\t\t<div class=\"elementor-element elementor-element-bde7299 elementor-position-inline-start elementor-mobile-position-inline-start elementor-view-default elementor-widget elementor-widget-icon-box\" data-id=\"bde7299\" data-element_type=\"widget\" data-e-type=\"widget\" data-widget_type=\"icon-box.default\">\n\t\t\t\t<div class=\"elementor-widget-container\">\n\t\t\t\t\t\t\t<div class=\"elementor-icon-box-wrapper\">\n\n\t\t\t\t\t\t<div class=\"elementor-icon-box-icon\">\n\t\t\t\t<span  class=\"elementor-icon\">\n\t\t\t\t<svg aria-hidden=\"true\" class=\"e-font-icon-svg e-fas-tree\" viewBox=\"0 0 384 512\" xmlns=\"http:\/\/www.w3.org\/2000\/svg\"><path d=\"M378.31 378.49L298.42 288h30.63c9.01 0 16.98-5 20.78-13.06 3.8-8.04 2.55-17.26-3.28-24.05L268.42 160h28.89c9.1 0 17.3-5.35 20.86-13.61 3.52-8.13 1.86-17.59-4.24-24.08L203.66 4.83c-6.03-6.45-17.28-6.45-23.32 0L70.06 122.31c-6.1 6.49-7.75 15.95-4.24 24.08C69.38 154.65 77.59 160 86.69 160h28.89l-78.14 90.91c-5.81 6.78-7.06 15.99-3.27 24.04C37.97 283 45.93 288 54.95 288h30.63L5.69 378.49c-6 6.79-7.36 16.09-3.56 24.26 3.75 8.05 12 13.25 21.01 13.25H160v24.45l-30.29 48.4c-5.32 10.64 2.42 23.16 14.31 23.16h95.96c11.89 0 19.63-12.52 14.31-23.16L224 440.45V416h136.86c9.01 0 17.26-5.2 21.01-13.25 3.8-8.17 2.44-17.47-3.56-24.26z\"><\/path><\/svg>\t\t\t\t<\/span>\n\t\t\t<\/div>\n\t\t\t\n\t\t\t\t\t\t<div class=\"elementor-icon-box-content\">\n\n\t\t\t\t\t\t\t\t\t<h3 class=\"elementor-icon-box-title\">\n\t\t\t\t\t\t<span  >\n\t\t\t\t\t\t\tConte\u00fado original\t\t\t\t\t\t<\/span>\n\t\t\t\t\t<\/h3>\n\t\t\t\t\n\t\t\t\t\t\t\t\t\t<p class=\"elementor-icon-box-description\">\n\t\t\t\t\t\tEm tempos de intelig\u00eancia artificial, \u00e9 f\u00e1cil se perder no meio de tanta informa\u00e7\u00e3o. O site do Mundo V17 \u00e9 seu ref\u00fagio de conte\u00fado humanizado e revisado por pessoas! Estamos sempre antenados nos assuntos do momento e verificamos informa\u00e7\u00f5es e fatos antes de qualquer postagem, tudo isso para que voc\u00ea receba em primeira m\u00e3o o conte\u00fado de qualidade que merece!\t\t\t\t\t<\/p>\n\t\t\t\t\n\t\t\t<\/div>\n\t\t\t\n\t\t<\/div>\n\t\t\t\t\t\t<\/div>\n\t\t\t\t<\/div>\n\t\t\t\t<div class=\"elementor-element elementor-element-14b4d6b elementor-position-inline-start elementor-mobile-position-inline-start elementor-view-default elementor-widget elementor-widget-icon-box\" data-id=\"14b4d6b\" data-element_type=\"widget\" data-e-type=\"widget\" data-widget_type=\"icon-box.default\">\n\t\t\t\t<div class=\"elementor-widget-container\">\n\t\t\t\t\t\t\t<div class=\"elementor-icon-box-wrapper\">\n\n\t\t\t\t\t\t<div class=\"elementor-icon-box-icon\">\n\t\t\t\t<span  class=\"elementor-icon\">\n\t\t\t\t<svg aria-hidden=\"true\" class=\"e-font-icon-svg e-fas-handshake\" viewBox=\"0 0 640 512\" xmlns=\"http:\/\/www.w3.org\/2000\/svg\"><path d=\"M434.7 64h-85.9c-8 0-15.7 3-21.6 8.4l-98.3 90c-.1.1-.2.3-.3.4-16.6 15.6-16.3 40.5-2.1 56 12.7 13.9 39.4 17.6 56.1 2.7.1-.1.3-.1.4-.2l79.9-73.2c6.5-5.9 16.7-5.5 22.6 1 6 6.5 5.5 16.6-1 22.6l-26.1 23.9L504 313.8c2.9 2.4 5.5 5 7.9 7.7V128l-54.6-54.6c-5.9-6-14.1-9.4-22.6-9.4zM544 128.2v223.9c0 17.7 14.3 32 32 32h64V128.2h-96zm48 223.9c-8.8 0-16-7.2-16-16s7.2-16 16-16 16 7.2 16 16-7.2 16-16 16zM0 384h64c17.7 0 32-14.3 32-32V128.2H0V384zm48-63.9c8.8 0 16 7.2 16 16s-7.2 16-16 16-16-7.2-16-16c0-8.9 7.2-16 16-16zm435.9 18.6L334.6 217.5l-30 27.5c-29.7 27.1-75.2 24.5-101.7-4.4-26.9-29.4-24.8-74.9 4.4-101.7L289.1 64h-83.8c-8.5 0-16.6 3.4-22.6 9.4L128 128v223.9h18.3l90.5 81.9c27.4 22.3 67.7 18.1 90-9.3l.2-.2 17.9 15.5c15.9 13 39.4 10.5 52.3-5.4l31.4-38.6 5.4 4.4c13.7 11.1 33.9 9.1 45-4.7l9.5-11.7c11.2-13.8 9.1-33.9-4.6-45.1z\"><\/path><\/svg>\t\t\t\t<\/span>\n\t\t\t<\/div>\n\t\t\t\n\t\t\t\t\t\t<div class=\"elementor-icon-box-content\">\n\n\t\t\t\t\t\t\t\t\t<h3 class=\"elementor-icon-box-title\">\n\t\t\t\t\t\t<span  >\n\t\t\t\t\t\t\tSeu tempo vale muito\t\t\t\t\t\t<\/span>\n\t\t\t\t\t<\/h3>\n\t\t\t\t\n\t\t\t\t\t\t\t\t\t<p class=\"elementor-icon-box-description\">\n\t\t\t\t\t\tPor essa raz\u00e3o, nossa prioridade \u00e9 oferecer conte\u00fado objetivo, seguro e realmente \u00fatil. N\u00e3o produzimos an\u00e1lises superficiais nem repetimos fichas t\u00e9cnicas: compartilhamos viv\u00eancia pr\u00e1tica, avalia\u00e7\u00e3o embasada e orienta\u00e7\u00f5es claras para que voc\u00ea tome decis\u00f5es de compra com mais seguran\u00e7a e menos incerteza.\t\t\t\t\t<\/p>\n\t\t\t\t\n\t\t\t<\/div>\n\t\t\t\n\t\t<\/div>\n\t\t\t\t\t\t<\/div>\n\t\t\t\t<\/div>\n\t\t\t\t<\/div>\n\t\t\t\t<div class=\"elementor-element elementor-element-45e44c2 elementor-widget elementor-widget-image\" data-id=\"45e44c2\" data-element_type=\"widget\" data-e-type=\"widget\" data-widget_type=\"image.default\">\n\t\t\t\t<div class=\"elementor-widget-container\">\n\t\t\t\t\t\t\t\t\t\t\t\t\t\t\t<img decoding=\"async\" src=\"https:\/\/v17portal.com\/mundov17\/wp-content\/uploads\/2025\/06\/Quem-Somos.webp\" title=\"\" alt=\"\" loading=\"lazy\" \/>\t\t\t\t\t\t\t\t\t\t\t\t\t\t\t<\/div>\n\t\t\t\t<\/div>\n\t\t\t\t<div class=\"elementor-element elementor-element-3e916df elementor-widget__width-initial elementor-widget elementor-widget-image\" data-id=\"3e916df\" data-element_type=\"widget\" data-e-type=\"widget\" data-widget_type=\"image.default\">\n\t\t\t\t<div class=\"elementor-widget-container\">\n\t\t\t\t\t\t\t\t\t\t\t\t\t\t\t<img decoding=\"async\" src=\"https:\/\/v17portal.com\/mundov17\/wp-content\/plugins\/elementor\/assets\/images\/placeholder.png\" title=\"\" alt=\"\" loading=\"lazy\" \/>\t\t\t\t\t\t\t\t\t\t\t\t\t\t\t<\/div>\n\t\t\t\t<\/div>\n\t\t\t\t\t<\/div>\n\t\t\t\t<\/div>\n\t\t<div class=\"elementor-element elementor-element-769edef e-con-full e-flex e-con e-parent\" data-id=\"769edef\" data-element_type=\"container\" data-e-type=\"container\" data-settings=\"{&quot;background_background&quot;:&quot;classic&quot;}\">\n\t\t\t\t<div class=\"elementor-element elementor-element-ddbe6d7 elementor-widget elementor-widget-n-carousel\" data-id=\"ddbe6d7\" data-element_type=\"widget\" data-e-type=\"widget\" data-settings=\"{&quot;carousel_items&quot;:[{&quot;slide_title&quot;:&quot;Slide #1&quot;,&quot;_id&quot;:&quot;e5da5df&quot;},{&quot;slide_title&quot;:&quot;Slide #2&quot;,&quot;_id&quot;:&quot;81842d6&quot;},{&quot;slide_title&quot;:&quot;Slide #3&quot;,&quot;_id&quot;:&quot;cfa5335&quot;},{&quot;slide_title&quot;:&quot;Slide #3&quot;,&quot;_id&quot;:&quot;4f24731&quot;}],&quot;slides_to_show&quot;:&quot;4&quot;,&quot;slides_to_scroll&quot;:&quot;1&quot;,&quot;slides_to_scroll_mobile&quot;:&quot;1&quot;,&quot;autoplay_speed&quot;:0,&quot;speed&quot;:3000,&quot;image_spacing_custom&quot;:{&quot;unit&quot;:&quot;px&quot;,&quot;size&quot;:155,&quot;sizes&quot;:[]},&quot;image_spacing_custom_mobile&quot;:{&quot;unit&quot;:&quot;px&quot;,&quot;size&quot;:87,&quot;sizes&quot;:[]},&quot;slides_to_show_tablet&quot;:&quot;2&quot;,&quot;slides_to_show_mobile&quot;:&quot;1&quot;,&quot;autoplay&quot;:&quot;yes&quot;,&quot;pause_on_hover&quot;:&quot;yes&quot;,&quot;pause_on_interaction&quot;:&quot;yes&quot;,&quot;infinite&quot;:&quot;yes&quot;,&quot;offset_sides&quot;:&quot;none&quot;,&quot;image_spacing_custom_tablet&quot;:{&quot;unit&quot;:&quot;px&quot;,&quot;size&quot;:&quot;&quot;,&quot;sizes&quot;:[]}}\" data-widget_type=\"nested-carousel.default\">\n\t\t\t\t<div class=\"elementor-widget-container\">\n\t\t\t\t\t\t\t<div class=\"e-n-carousel swiper\" role=\"region\" aria-roledescription=\"carousel\" aria-label=\"Carrossel\" dir=\"ltr\">\n\t\t\t<div class=\"swiper-wrapper\" aria-live=\"off\">\n\t\t\t\t\t\t\t\t\t\t<div class=\"swiper-slide\" data-slide=\"1\" role=\"group\" aria-roledescription=\"slide\" aria-label=\"1 de 4\">\n\t\t\t\t\t\t\t<div class=\"elementor-element elementor-element-6dd3380 e-flex e-con-boxed e-con e-child\" data-id=\"6dd3380\" data-element_type=\"container\" data-e-type=\"container\">\n\t\t\t\t\t<div class=\"e-con-inner\">\n\t\t<div class=\"elementor-element elementor-element-c71f611 e-con-full e-flex e-con e-child\" data-id=\"c71f611\" data-element_type=\"container\" data-e-type=\"container\">\n\t\t\t\t<div class=\"elementor-element elementor-element-95a0c9c elementor-widget elementor-widget-image\" data-id=\"95a0c9c\" data-element_type=\"widget\" data-e-type=\"widget\" data-widget_type=\"image.default\">\n\t\t\t\t<div class=\"elementor-widget-container\">\n\t\t\t\t\t\t\t\t\t\t\t\t\t\t\t<img decoding=\"async\" src=\"https:\/\/v17portal.com\/mundov17\/wp-content\/uploads\/2025\/06\/Logo-branco-Transparente.png\" title=\"\" alt=\"\" loading=\"lazy\" \/>\t\t\t\t\t\t\t\t\t\t\t\t\t\t\t<\/div>\n\t\t\t\t<\/div>\n\t\t\t\t<\/div>\n\t\t\t\t\t<\/div>\n\t\t\t\t<\/div>\n\t\t\t\t\t\t\t\t<\/div>\n\t\t\t\t\t\t\t\t\t\t\t<div class=\"swiper-slide\" data-slide=\"2\" role=\"group\" aria-roledescription=\"slide\" aria-label=\"2 de 4\">\n\t\t\t\t\t\t\t<div class=\"elementor-element elementor-element-ce0228f e-flex e-con-boxed e-con e-child\" data-id=\"ce0228f\" data-element_type=\"container\" data-e-type=\"container\">\n\t\t\t\t\t<div class=\"e-con-inner\">\n\t\t<div class=\"elementor-element elementor-element-b8fd751 e-con-full e-flex e-con e-child\" data-id=\"b8fd751\" data-element_type=\"container\" data-e-type=\"container\">\n\t\t\t\t<div class=\"elementor-element elementor-element-cd0a281 elementor-widget elementor-widget-image\" data-id=\"cd0a281\" data-element_type=\"widget\" data-e-type=\"widget\" data-widget_type=\"image.default\">\n\t\t\t\t<div class=\"elementor-widget-container\">\n\t\t\t\t\t\t\t\t\t\t\t\t\t\t\t<img decoding=\"async\" src=\"https:\/\/v17portal.com\/mundov17\/wp-content\/uploads\/2025\/06\/Logo-branco-Transparente.png\" title=\"\" alt=\"\" loading=\"lazy\" \/>\t\t\t\t\t\t\t\t\t\t\t\t\t\t\t<\/div>\n\t\t\t\t<\/div>\n\t\t\t\t<\/div>\n\t\t\t\t\t<\/div>\n\t\t\t\t<\/div>\n\t\t\t\t\t\t\t\t<\/div>\n\t\t\t\t\t\t\t\t\t\t\t<div class=\"swiper-slide\" data-slide=\"3\" role=\"group\" aria-roledescription=\"slide\" aria-label=\"3 de 4\">\n\t\t\t\t\t\t\t<div class=\"elementor-element elementor-element-d648e2e e-flex e-con-boxed e-con e-child\" data-id=\"d648e2e\" data-element_type=\"container\" data-e-type=\"container\">\n\t\t\t\t\t<div class=\"e-con-inner\">\n\t\t<div class=\"elementor-element elementor-element-5b9bcf1 e-con-full e-flex e-con e-child\" data-id=\"5b9bcf1\" data-element_type=\"container\" data-e-type=\"container\">\n\t\t\t\t<div class=\"elementor-element elementor-element-2d0d1cd elementor-widget elementor-widget-image\" data-id=\"2d0d1cd\" data-element_type=\"widget\" data-e-type=\"widget\" data-widget_type=\"image.default\">\n\t\t\t\t<div class=\"elementor-widget-container\">\n\t\t\t\t\t\t\t\t\t\t\t\t\t\t\t<img decoding=\"async\" src=\"https:\/\/v17portal.com\/mundov17\/wp-content\/uploads\/2025\/06\/Logo-branco-Transparente.png\" title=\"\" alt=\"\" loading=\"lazy\" \/>\t\t\t\t\t\t\t\t\t\t\t\t\t\t\t<\/div>\n\t\t\t\t<\/div>\n\t\t\t\t<\/div>\n\t\t\t\t\t<\/div>\n\t\t\t\t<\/div>\n\t\t\t\t\t\t\t\t<\/div>\n\t\t\t\t\t\t\t\t\t\t\t<div class=\"swiper-slide\" data-slide=\"4\" role=\"group\" aria-roledescription=\"slide\" aria-label=\"4 de 4\">\n\t\t\t\t\t\t\t<div class=\"elementor-element elementor-element-82735fe e-flex e-con-boxed e-con e-child\" data-id=\"82735fe\" data-element_type=\"container\" data-e-type=\"container\">\n\t\t\t\t\t<div class=\"e-con-inner\">\n\t\t<div class=\"elementor-element elementor-element-3e83d30 e-con-full e-flex e-con e-child\" data-id=\"3e83d30\" data-element_type=\"container\" data-e-type=\"container\">\n\t\t\t\t<div class=\"elementor-element elementor-element-19bb4b4 elementor-widget elementor-widget-image\" data-id=\"19bb4b4\" data-element_type=\"widget\" data-e-type=\"widget\" data-widget_type=\"image.default\">\n\t\t\t\t<div class=\"elementor-widget-container\">\n\t\t\t\t\t\t\t\t\t\t\t\t\t\t\t<img decoding=\"async\" src=\"https:\/\/v17portal.com\/mundov17\/wp-content\/uploads\/2025\/06\/Logo-branco-Transparente.png\" title=\"\" alt=\"\" loading=\"lazy\" \/>\t\t\t\t\t\t\t\t\t\t\t\t\t\t\t<\/div>\n\t\t\t\t<\/div>\n\t\t\t\t<\/div>\n\t\t\t\t\t<\/div>\n\t\t\t\t<\/div>\n\t\t\t\t\t\t\t\t<\/div>\n\t\t\t\t\t\t\t\t<\/div>\n\t\t<\/div>\n\t\t\t\t\t\t<\/div>\n\t\t\t\t<\/div>\n\t\t\t\t<\/div>\n\t\t\t\t<\/div>\n\t\t","protected":false},"excerpt":{"rendered":"<p>Quem somos A Reda\u00e7\u00e3o Portal V17 \u00e9 um time editorial com olhar apurado para o que move o mundo. Desde as tend\u00eancias que viralizam aos fatos que despertam reflex\u00e3o. Nossa equipe \u00e9 formada por redatores com experi\u00eancia em tend\u00eancias digitais, curadoria de conte\u00fado e an\u00e1lise de comportamento, comprometidos com a entrega de informa\u00e7\u00e3o leve, confi\u00e1vel [&hellip;]<\/p>\n","protected":false},"author":4,"featured_media":0,"parent":0,"menu_order":0,"comment_status":"closed","ping_status":"closed","template":"","meta":{"footnotes":""},"class_list":["post-323","page","type-page","status-publish","hentry"],"yoast_head":"<!-- This site is optimized with the Yoast SEO plugin v27.1.1 - https:\/\/yoast.com\/product\/yoast-seo-wordpress\/ -->\n<title>Quem somos - Mundo V17<\/title>\n<meta name=\"robots\" content=\"index, follow, max-snippet:-1, max-image-preview:large, max-video-preview:-1\" \/>\n<link rel=\"canonical\" href=\"https:\/\/v17portal.com\/mundov17\/quem-somos\/\" \/>\n<meta property=\"og:locale\" content=\"pt_BR\" \/>\n<meta property=\"og:type\" content=\"article\" \/>\n<meta property=\"og:title\" content=\"Quem somos - Mundo V17\" \/>\n<meta property=\"og:description\" content=\"Quem somos A Reda\u00e7\u00e3o Portal V17 \u00e9 um time editorial com olhar apurado para o que move o mundo. Desde as tend\u00eancias que viralizam aos fatos que despertam reflex\u00e3o. Nossa equipe \u00e9 formada por redatores com experi\u00eancia em tend\u00eancias digitais, curadoria de conte\u00fado e an\u00e1lise de comportamento, comprometidos com a entrega de informa\u00e7\u00e3o leve, confi\u00e1vel [&hellip;]\" \/>\n<meta property=\"og:url\" content=\"https:\/\/v17portal.com\/mundov17\/quem-somos\/\" \/>\n<meta property=\"og:site_name\" content=\"Mundo V17\" \/>\n<meta property=\"article:modified_time\" content=\"2026-03-01T14:47:54+00:00\" \/>\n<meta property=\"og:image\" content=\"https:\/\/v17portal.com\/mundov17\/wp-content\/uploads\/2025\/06\/Quem-Somos.webp\" \/>\n<meta name=\"twitter:card\" content=\"summary_large_image\" \/>\n<meta name=\"twitter:label1\" content=\"Est. tempo de leitura\" \/>\n\t<meta name=\"twitter:data1\" content=\"3 minutos\" \/>\n<script type=\"application\/ld+json\" class=\"yoast-schema-graph\">{\"@context\":\"https:\/\/schema.org\",\"@graph\":[{\"@type\":\"WebPage\",\"@id\":\"https:\/\/v17portal.com\/mundov17\/quem-somos\/\",\"url\":\"https:\/\/v17portal.com\/mundov17\/quem-somos\/\",\"name\":\"Quem somos - Mundo V17\",\"isPartOf\":{\"@id\":\"https:\/\/v17portal.com\/mundov17\/#website\"},\"primaryImageOfPage\":{\"@id\":\"https:\/\/v17portal.com\/mundov17\/quem-somos\/#primaryimage\"},\"image\":{\"@id\":\"https:\/\/v17portal.com\/mundov17\/quem-somos\/#primaryimage\"},\"thumbnailUrl\":\"https:\/\/v17portal.com\/mundov17\/wp-content\/uploads\/2025\/06\/Quem-Somos.webp\",\"datePublished\":\"2025-06-20T22:46:58+00:00\",\"dateModified\":\"2026-03-01T14:47:54+00:00\",\"inLanguage\":\"pt-BR\",\"potentialAction\":[{\"@type\":\"ReadAction\",\"target\":[\"https:\/\/v17portal.com\/mundov17\/quem-somos\/\"]}]},{\"@type\":\"ImageObject\",\"inLanguage\":\"pt-BR\",\"@id\":\"https:\/\/v17portal.com\/mundov17\/quem-somos\/#primaryimage\",\"url\":\"\",\"contentUrl\":\"\"},{\"@type\":\"WebSite\",\"@id\":\"https:\/\/v17portal.com\/mundov17\/#website\",\"url\":\"https:\/\/v17portal.com\/mundov17\/\",\"name\":\"Mundo V17\",\"description\":\"O mundo todo na sua m\u00e3o!\",\"publisher\":{\"@id\":\"https:\/\/v17portal.com\/mundov17\/#organization\"},\"potentialAction\":[{\"@type\":\"SearchAction\",\"target\":{\"@type\":\"EntryPoint\",\"urlTemplate\":\"https:\/\/v17portal.com\/mundov17\/?s={search_term_string}\"},\"query-input\":{\"@type\":\"PropertyValueSpecification\",\"valueRequired\":true,\"valueName\":\"search_term_string\"}}],\"inLanguage\":\"pt-BR\"},{\"@type\":\"Organization\",\"@id\":\"https:\/\/v17portal.com\/mundov17\/#organization\",\"name\":\"Mundo V17\",\"url\":\"https:\/\/v17portal.com\/mundov17\/\",\"logo\":{\"@type\":\"ImageObject\",\"inLanguage\":\"pt-BR\",\"@id\":\"https:\/\/v17portal.com\/mundov17\/#\/schema\/logo\/image\/\",\"url\":\"https:\/\/v17portal.com\/mundov17\/wp-content\/uploads\/2025\/09\/Mundo-V17.jpg\",\"contentUrl\":\"https:\/\/v17portal.com\/mundov17\/wp-content\/uploads\/2025\/09\/Mundo-V17.jpg\",\"width\":300,\"height\":106,\"caption\":\"Mundo V17\"},\"image\":{\"@id\":\"https:\/\/v17portal.com\/mundov17\/#\/schema\/logo\/image\/\"}}]}<\/script>\n<!-- \/ Yoast SEO plugin. -->","yoast_head_json":{"title":"Quem somos - Mundo V17","robots":{"index":"index","follow":"follow","max-snippet":"max-snippet:-1","max-image-preview":"max-image-preview:large","max-video-preview":"max-video-preview:-1"},"canonical":"https:\/\/v17portal.com\/mundov17\/quem-somos\/","og_locale":"pt_BR","og_type":"article","og_title":"Quem somos - Mundo V17","og_description":"Quem somos A Reda\u00e7\u00e3o Portal V17 \u00e9 um time editorial com olhar apurado para o que move o mundo. Desde as tend\u00eancias que viralizam aos fatos que despertam reflex\u00e3o. Nossa equipe \u00e9 formada por redatores com experi\u00eancia em tend\u00eancias digitais, curadoria de conte\u00fado e an\u00e1lise de comportamento, comprometidos com a entrega de informa\u00e7\u00e3o leve, confi\u00e1vel [&hellip;]","og_url":"https:\/\/v17portal.com\/mundov17\/quem-somos\/","og_site_name":"Mundo V17","article_modified_time":"2026-03-01T14:47:54+00:00","og_image":[{"url":"https:\/\/v17portal.com\/mundov17\/wp-content\/uploads\/2025\/06\/Quem-Somos.webp","type":"","width":"","height":""}],"twitter_card":"summary_large_image","twitter_misc":{"Est. tempo de leitura":"3 minutos"},"schema":{"@context":"https:\/\/schema.org","@graph":[{"@type":"WebPage","@id":"https:\/\/v17portal.com\/mundov17\/quem-somos\/","url":"https:\/\/v17portal.com\/mundov17\/quem-somos\/","name":"Quem somos - Mundo V17","isPartOf":{"@id":"https:\/\/v17portal.com\/mundov17\/#website"},"primaryImageOfPage":{"@id":"https:\/\/v17portal.com\/mundov17\/quem-somos\/#primaryimage"},"image":{"@id":"https:\/\/v17portal.com\/mundov17\/quem-somos\/#primaryimage"},"thumbnailUrl":"https:\/\/v17portal.com\/mundov17\/wp-content\/uploads\/2025\/06\/Quem-Somos.webp","datePublished":"2025-06-20T22:46:58+00:00","dateModified":"2026-03-01T14:47:54+00:00","inLanguage":"pt-BR","potentialAction":[{"@type":"ReadAction","target":["https:\/\/v17portal.com\/mundov17\/quem-somos\/"]}]},{"@type":"ImageObject","inLanguage":"pt-BR","@id":"https:\/\/v17portal.com\/mundov17\/quem-somos\/#primaryimage","url":"","contentUrl":""},{"@type":"WebSite","@id":"https:\/\/v17portal.com\/mundov17\/#website","url":"https:\/\/v17portal.com\/mundov17\/","name":"Mundo V17","description":"O mundo todo na sua m\u00e3o!","publisher":{"@id":"https:\/\/v17portal.com\/mundov17\/#organization"},"potentialAction":[{"@type":"SearchAction","target":{"@type":"EntryPoint","urlTemplate":"https:\/\/v17portal.com\/mundov17\/?s={search_term_string}"},"query-input":{"@type":"PropertyValueSpecification","valueRequired":true,"valueName":"search_term_string"}}],"inLanguage":"pt-BR"},{"@type":"Organization","@id":"https:\/\/v17portal.com\/mundov17\/#organization","name":"Mundo V17","url":"https:\/\/v17portal.com\/mundov17\/","logo":{"@type":"ImageObject","inLanguage":"pt-BR","@id":"https:\/\/v17portal.com\/mundov17\/#\/schema\/logo\/image\/","url":"https:\/\/v17portal.com\/mundov17\/wp-content\/uploads\/2025\/09\/Mundo-V17.jpg","contentUrl":"https:\/\/v17portal.com\/mundov17\/wp-content\/uploads\/2025\/09\/Mundo-V17.jpg","width":300,"height":106,"caption":"Mundo V17"},"image":{"@id":"https:\/\/v17portal.com\/mundov17\/#\/schema\/logo\/image\/"}}]}},"_links":{"self":[{"href":"https:\/\/v17portal.com\/mundov17\/wp-json\/wp\/v2\/pages\/323","targetHints":{"allow":["GET"]}}],"collection":[{"href":"https:\/\/v17portal.com\/mundov17\/wp-json\/wp\/v2\/pages"}],"about":[{"href":"https:\/\/v17portal.com\/mundov17\/wp-json\/wp\/v2\/types\/page"}],"author":[{"embeddable":true,"href":"https:\/\/v17portal.com\/mundov17\/wp-json\/wp\/v2\/users\/4"}],"replies":[{"embeddable":true,"href":"https:\/\/v17portal.com\/mundov17\/wp-json\/wp\/v2\/comments?post=323"}],"version-history":[{"count":12,"href":"https:\/\/v17portal.com\/mundov17\/wp-json\/wp\/v2\/pages\/323\/revisions"}],"predecessor-version":[{"id":1228,"href":"https:\/\/v17portal.com\/mundov17\/wp-json\/wp\/v2\/pages\/323\/revisions\/1228"}],"wp:attachment":[{"href":"https:\/\/v17portal.com\/mundov17\/wp-json\/wp\/v2\/media?parent=323"}],"curies":[{"name":"wp","href":"https:\/\/api.w.org\/{rel}","templated":true}]}}