{"id":438,"date":"2025-06-22T12:20:10","date_gmt":"2025-06-22T15:20:10","guid":{"rendered":"https:\/\/tudonoticiado.com\/?page_id=438"},"modified":"2025-09-25T17:26:27","modified_gmt":"2025-09-25T20:26:27","slug":"todos-posts","status":"publish","type":"page","link":"https:\/\/v17portal.com\/mundov17\/todos-posts\/","title":{"rendered":"Todos posts"},"content":{"rendered":"\t\t<div data-elementor-type=\"wp-page\" data-elementor-id=\"438\" class=\"elementor elementor-438\" data-elementor-post-type=\"page\">\n\t\t\t\t<div class=\"elementor-element elementor-element-03bc1d9 e-flex e-con-boxed e-con e-parent\" data-id=\"03bc1d9\" data-element_type=\"container\" data-e-type=\"container\">\n\t\t\t\t\t<div class=\"e-con-inner\">\n\t\t\t\t<div class=\"elementor-element elementor-element-338f904 elementor-widget elementor-widget-heading\" data-id=\"338f904\" data-element_type=\"widget\" data-e-type=\"widget\" data-widget_type=\"heading.default\">\n\t\t\t\t<div class=\"elementor-widget-container\">\n\t\t\t\t\t<h2 class=\"elementor-heading-title elementor-size-default\">TODOS OS POSTS<\/h2>\t\t\t\t<\/div>\n\t\t\t\t<\/div>\n\t\t\t\t<div class=\"elementor-element elementor-element-cad0f63 elementor-grid-3 elementor-grid-tablet-2 elementor-grid-mobile-1 elementor-posts--thumbnail-top elementor-widget elementor-widget-posts\" data-id=\"cad0f63\" data-element_type=\"widget\" data-e-type=\"widget\" data-settings=\"{&quot;pagination_type&quot;:&quot;prev_next&quot;,&quot;classic_row_gap&quot;:{&quot;unit&quot;:&quot;px&quot;,&quot;size&quot;:30,&quot;sizes&quot;:[]},&quot;classic_columns&quot;:&quot;3&quot;,&quot;classic_columns_tablet&quot;:&quot;2&quot;,&quot;classic_columns_mobile&quot;:&quot;1&quot;,&quot;classic_row_gap_tablet&quot;:{&quot;unit&quot;:&quot;px&quot;,&quot;size&quot;:&quot;&quot;,&quot;sizes&quot;:[]},&quot;classic_row_gap_mobile&quot;:{&quot;unit&quot;:&quot;px&quot;,&quot;size&quot;:&quot;&quot;,&quot;sizes&quot;:[]}}\" data-widget_type=\"posts.classic\">\n\t\t\t\t<div class=\"elementor-widget-container\">\n\t\t\t\t\t\t\t<div class=\"elementor-posts-container elementor-posts elementor-posts--skin-classic elementor-grid\" role=\"list\">\n\t\t\t\t<article class=\"elementor-post elementor-grid-item post-2627 post type-post status-publish format-standard has-post-thumbnail hentry category-curiosidades\" role=\"listitem\">\n\t\t\t\t<a class=\"elementor-post__thumbnail__link\" href=\"https:\/\/v17portal.com\/mundov17\/a-importancia-de-esperar-antes-de-beber-cafe-ao-acordar-e-os-motivos-para-isso\/\" tabindex=\"-1\" >\n\t\t\t<div class=\"elementor-post__thumbnail\"><img fetchpriority=\"high\" decoding=\"async\" width=\"1344\" height=\"896\" src=\"https:\/\/v17portal.com\/mundov17\/wp-content\/uploads\/2026\/03\/A-importyncia-de-esperar-antes-de-beber-cafy-ao-acordar-e-os-motivos-para-isso-img2011-3.webp\" class=\"attachment-full size-full wp-image-2626 not-transparent\" alt=\"\" data-has-transparency=\"false\" data-dominant-color=\"392d20\" style=\"--dominant-color: #392d20\" \/><\/div>\n\t\t<\/a>\n\t\t\t\t<div class=\"elementor-post__text\">\n\t\t\t\t<h3 class=\"elementor-post__title\">\n\t\t\t<a href=\"https:\/\/v17portal.com\/mundov17\/a-importancia-de-esperar-antes-de-beber-cafe-ao-acordar-e-os-motivos-para-isso\/\" >\n\t\t\t\tA import\u00e2ncia de esperar antes de beber caf\u00e9 ao acordar e os motivos para isso\t\t\t<\/a>\n\t\t<\/h3>\n\t\t\t\t<div class=\"elementor-post__meta-data\">\n\t\t\t\t\t<span class=\"elementor-post-author\">\n\t\t\tReda\u00e7\u00e3o Portal V17\t\t<\/span>\n\t\t\t\t<span class=\"elementor-post-date\">\n\t\t\t21\/03\/2026\t\t<\/span>\n\t\t\t\t<span class=\"elementor-post-avatar\">\n\t\t\tNenhum coment\u00e1rio\t\t<\/span>\n\t\t\t\t<\/div>\n\t\t\t\t<div class=\"elementor-post__excerpt\">\n\t\t\t<p>Aprender a esperar antes de beber caf\u00e9 ao acordar pode melhorar seu foco e energia. Mude sua rotina matinal e maximize os benef\u00edcios da cafe\u00edna. Dicas pr\u00e1ticas para equilibrar seu consumo e sentir-se mais saud\u00e1vel e alerta durante o dia.<\/p>\n\t\t<\/div>\n\t\t\n\t\t<a class=\"elementor-post__read-more\" href=\"https:\/\/v17portal.com\/mundov17\/a-importancia-de-esperar-antes-de-beber-cafe-ao-acordar-e-os-motivos-para-isso\/\" aria-label=\"Leia mais sobre A import\u00e2ncia de esperar antes de beber caf\u00e9 ao acordar e os motivos para isso\" tabindex=\"-1\" >\n\t\t\tLeia mais \u00bb\t\t<\/a>\n\n\t\t\t\t<\/div>\n\t\t\t\t<\/article>\n\t\t\t\t<article class=\"elementor-post elementor-grid-item post-2620 post type-post status-publish format-standard has-post-thumbnail hentry category-beleza\" role=\"listitem\">\n\t\t\t\t<a class=\"elementor-post__thumbnail__link\" href=\"https:\/\/v17portal.com\/mundov17\/cabelo-curto-repicado-a-modernidade-que-aumenta-a-leveza-dos-fios\/\" tabindex=\"-1\" >\n\t\t\t<div class=\"elementor-post__thumbnail\"><img decoding=\"async\" width=\"1344\" height=\"896\" src=\"https:\/\/v17portal.com\/mundov17\/wp-content\/uploads\/2026\/03\/Cabelo-Curto-Repicado-A-Modernidade-que-Aumenta-a-Leveza-dos-Fios-img2011-3.webp\" class=\"attachment-full size-full wp-image-2619 not-transparent\" alt=\"\" data-has-transparency=\"false\" data-dominant-color=\"68594e\" style=\"--dominant-color: #68594e\" \/><\/div>\n\t\t<\/a>\n\t\t\t\t<div class=\"elementor-post__text\">\n\t\t\t\t<h3 class=\"elementor-post__title\">\n\t\t\t<a href=\"https:\/\/v17portal.com\/mundov17\/cabelo-curto-repicado-a-modernidade-que-aumenta-a-leveza-dos-fios\/\" >\n\t\t\t\tCabelo Curto Repicado: A Modernidade que Aumenta a Leveza dos Fios\t\t\t<\/a>\n\t\t<\/h3>\n\t\t\t\t<div class=\"elementor-post__meta-data\">\n\t\t\t\t\t<span class=\"elementor-post-author\">\n\t\t\tReda\u00e7\u00e3o Portal V17\t\t<\/span>\n\t\t\t\t<span class=\"elementor-post-date\">\n\t\t\t21\/03\/2026\t\t<\/span>\n\t\t\t\t<span class=\"elementor-post-avatar\">\n\t\t\tNenhum coment\u00e1rio\t\t<\/span>\n\t\t\t\t<\/div>\n\t\t\t\t<div class=\"elementor-post__excerpt\">\n\t\t\t<p>Cabelo curto repicado oferece leveza, modernidade e praticidade, al\u00e9m de valorizar o formato do rosto. Aprenda sobre estilos, cuidados e como se comunicar com o profissional para um resultado perfeito. Transforme seu visual de forma inteligente!<\/p>\n\t\t<\/div>\n\t\t\n\t\t<a class=\"elementor-post__read-more\" href=\"https:\/\/v17portal.com\/mundov17\/cabelo-curto-repicado-a-modernidade-que-aumenta-a-leveza-dos-fios\/\" aria-label=\"Leia mais sobre Cabelo Curto Repicado: A Modernidade que Aumenta a Leveza dos Fios\" tabindex=\"-1\" >\n\t\t\tLeia mais \u00bb\t\t<\/a>\n\n\t\t\t\t<\/div>\n\t\t\t\t<\/article>\n\t\t\t\t<article class=\"elementor-post elementor-grid-item post-2613 post type-post status-publish format-standard has-post-thumbnail hentry category-receitas\" role=\"listitem\">\n\t\t\t\t<a class=\"elementor-post__thumbnail__link\" href=\"https:\/\/v17portal.com\/mundov17\/prepare-uma-tilapia-irresistivel-para-a-quaresma-com-um-tempo-de-preparo-rapido\/\" tabindex=\"-1\" >\n\t\t\t<div class=\"elementor-post__thumbnail\"><img decoding=\"async\" width=\"1344\" height=\"896\" src=\"https:\/\/v17portal.com\/mundov17\/wp-content\/uploads\/2026\/03\/Prepare-uma-tilypia-irresistyvel-para-a-Quaresma-com-um-tempo-de-preparo-rypido-img2011-3.webp\" class=\"attachment-full size-full wp-image-2612 not-transparent\" alt=\"\" data-has-transparency=\"false\" data-dominant-color=\"684f3d\" style=\"--dominant-color: #684f3d\" \/><\/div>\n\t\t<\/a>\n\t\t\t\t<div class=\"elementor-post__text\">\n\t\t\t\t<h3 class=\"elementor-post__title\">\n\t\t\t<a href=\"https:\/\/v17portal.com\/mundov17\/prepare-uma-tilapia-irresistivel-para-a-quaresma-com-um-tempo-de-preparo-rapido\/\" >\n\t\t\t\tPrepare uma til\u00e1pia irresist\u00edvel para a Quaresma com um tempo de preparo r\u00e1pido\t\t\t<\/a>\n\t\t<\/h3>\n\t\t\t\t<div class=\"elementor-post__meta-data\">\n\t\t\t\t\t<span class=\"elementor-post-author\">\n\t\t\tReda\u00e7\u00e3o Portal V17\t\t<\/span>\n\t\t\t\t<span class=\"elementor-post-date\">\n\t\t\t21\/03\/2026\t\t<\/span>\n\t\t\t\t<span class=\"elementor-post-avatar\">\n\t\t\tNenhum coment\u00e1rio\t\t<\/span>\n\t\t\t\t<\/div>\n\t\t\t\t<div class=\"elementor-post__excerpt\">\n\t\t\t<p>Prepare uma til\u00e1pia irresist\u00edvel para a Quaresma em uma \u00fanica panela! Pr\u00e1tica, r\u00e1pida e repleta de sabor, essa receita transforma o pescado em um prato suculento e sofisticado, perfeito para a Sexta-feira Santa e momentos especiais.<\/p>\n\t\t<\/div>\n\t\t\n\t\t<a class=\"elementor-post__read-more\" href=\"https:\/\/v17portal.com\/mundov17\/prepare-uma-tilapia-irresistivel-para-a-quaresma-com-um-tempo-de-preparo-rapido\/\" aria-label=\"Leia mais sobre Prepare uma til\u00e1pia irresist\u00edvel para a Quaresma com um tempo de preparo r\u00e1pido\" tabindex=\"-1\" >\n\t\t\tLeia mais \u00bb\t\t<\/a>\n\n\t\t\t\t<\/div>\n\t\t\t\t<\/article>\n\t\t\t\t<article class=\"elementor-post elementor-grid-item post-2606 post type-post status-publish format-standard has-post-thumbnail hentry category-decoracao\" role=\"listitem\">\n\t\t\t\t<a class=\"elementor-post__thumbnail__link\" href=\"https:\/\/v17portal.com\/mundov17\/organize-seu-espaco-com-o-poder-dos-saches-de-cha-dicas-praticas\/\" tabindex=\"-1\" >\n\t\t\t<div class=\"elementor-post__thumbnail\"><img loading=\"lazy\" decoding=\"async\" width=\"1344\" height=\"896\" src=\"https:\/\/v17portal.com\/mundov17\/wp-content\/uploads\/2026\/03\/Organize-seu-Espayo-com-o-Poder-dos-Sachys-de-Chy-Dicas-Pryticas-img2011-3.webp\" class=\"attachment-full size-full wp-image-2605 not-transparent\" alt=\"\" data-has-transparency=\"false\" data-dominant-color=\"635241\" style=\"--dominant-color: #635241\" \/><\/div>\n\t\t<\/a>\n\t\t\t\t<div class=\"elementor-post__text\">\n\t\t\t\t<h3 class=\"elementor-post__title\">\n\t\t\t<a href=\"https:\/\/v17portal.com\/mundov17\/organize-seu-espaco-com-o-poder-dos-saches-de-cha-dicas-praticas\/\" >\n\t\t\t\tOrganize seu Espa\u00e7o com o Poder dos Sach\u00eas de Ch\u00e1: Dicas Pr\u00e1ticas\t\t\t<\/a>\n\t\t<\/h3>\n\t\t\t\t<div class=\"elementor-post__meta-data\">\n\t\t\t\t\t<span class=\"elementor-post-author\">\n\t\t\tReda\u00e7\u00e3o Portal V17\t\t<\/span>\n\t\t\t\t<span class=\"elementor-post-date\">\n\t\t\t21\/03\/2026\t\t<\/span>\n\t\t\t\t<span class=\"elementor-post-avatar\">\n\t\t\tNenhum coment\u00e1rio\t\t<\/span>\n\t\t\t\t<\/div>\n\t\t\t\t<div class=\"elementor-post__excerpt\">\n\t\t\t<p>Organizar sach\u00eas de ch\u00e1 vai al\u00e9m da est\u00e9tica; transforma a rotina. Aprenda a criar um cantinho funcional, evite desperd\u00edcios e torne suas pausas mais prazerosas.Transforme sua cozinha com dicas pr\u00e1ticas e criativas.<\/p>\n\t\t<\/div>\n\t\t\n\t\t<a class=\"elementor-post__read-more\" href=\"https:\/\/v17portal.com\/mundov17\/organize-seu-espaco-com-o-poder-dos-saches-de-cha-dicas-praticas\/\" aria-label=\"Leia mais sobre Organize seu Espa\u00e7o com o Poder dos Sach\u00eas de Ch\u00e1: Dicas Pr\u00e1ticas\" tabindex=\"-1\" >\n\t\t\tLeia mais \u00bb\t\t<\/a>\n\n\t\t\t\t<\/div>\n\t\t\t\t<\/article>\n\t\t\t\t<article class=\"elementor-post elementor-grid-item post-2599 post type-post status-publish format-standard has-post-thumbnail hentry category-beleza\" role=\"listitem\">\n\t\t\t\t<a class=\"elementor-post__thumbnail__link\" href=\"https:\/\/v17portal.com\/mundov17\/descongestionante-nasal-organico-melhore-sua-respiracao-em-2026\/\" tabindex=\"-1\" >\n\t\t\t<div class=\"elementor-post__thumbnail\"><img loading=\"lazy\" decoding=\"async\" width=\"1344\" height=\"896\" src=\"https:\/\/v17portal.com\/mundov17\/wp-content\/uploads\/2026\/03\/Descongestionante-Nasal-Orgynico-Melhore-sua-Respirayyo-em-2026-img2011-3.webp\" class=\"attachment-full size-full wp-image-2598 not-transparent\" alt=\"\" data-has-transparency=\"false\" data-dominant-color=\"524635\" style=\"--dominant-color: #524635\" \/><\/div>\n\t\t<\/a>\n\t\t\t\t<div class=\"elementor-post__text\">\n\t\t\t\t<h3 class=\"elementor-post__title\">\n\t\t\t<a href=\"https:\/\/v17portal.com\/mundov17\/descongestionante-nasal-organico-melhore-sua-respiracao-em-2026\/\" >\n\t\t\t\tDescongestionante Nasal Org\u00e2nico: Melhore sua Respira\u00e7\u00e3o em 2026\t\t\t<\/a>\n\t\t<\/h3>\n\t\t\t\t<div class=\"elementor-post__meta-data\">\n\t\t\t\t\t<span class=\"elementor-post-author\">\n\t\t\tReda\u00e7\u00e3o Portal V17\t\t<\/span>\n\t\t\t\t<span class=\"elementor-post-date\">\n\t\t\t21\/03\/2026\t\t<\/span>\n\t\t\t\t<span class=\"elementor-post-avatar\">\n\t\t\tNenhum coment\u00e1rio\t\t<\/span>\n\t\t\t\t<\/div>\n\t\t\t\t<div class=\"elementor-post__excerpt\">\n\t\t\t<p>Encontre al\u00edvio para a congest\u00e3o nasal com descongestionantes org\u00e2nicos que cuidam da mucosa e promovem bem-estar. Aprenda sobre a import\u00e2ncia da rotina, lavagem nasal e h\u00e1bitos saud\u00e1veis para respirar melhor em 2026.<\/p>\n\t\t<\/div>\n\t\t\n\t\t<a class=\"elementor-post__read-more\" href=\"https:\/\/v17portal.com\/mundov17\/descongestionante-nasal-organico-melhore-sua-respiracao-em-2026\/\" aria-label=\"Leia mais sobre Descongestionante Nasal Org\u00e2nico: Melhore sua Respira\u00e7\u00e3o em 2026\" tabindex=\"-1\" >\n\t\t\tLeia mais \u00bb\t\t<\/a>\n\n\t\t\t\t<\/div>\n\t\t\t\t<\/article>\n\t\t\t\t<article class=\"elementor-post elementor-grid-item post-2592 post type-post status-publish format-standard has-post-thumbnail hentry category-pet\" role=\"listitem\">\n\t\t\t\t<a class=\"elementor-post__thumbnail__link\" href=\"https:\/\/v17portal.com\/mundov17\/encontre-o-stitch-de-pelucia-ideal-dicas-essenciais-para-a-sua-busca\/\" tabindex=\"-1\" >\n\t\t\t<div class=\"elementor-post__thumbnail\"><img loading=\"lazy\" decoding=\"async\" width=\"1344\" height=\"896\" src=\"https:\/\/v17portal.com\/mundov17\/wp-content\/uploads\/2026\/03\/Encontre-o-Stitch-de-Pelycia-Ideal-Dicas-Essenciais-para-a-Sua-Busca-img2011-3.webp\" class=\"attachment-full size-full wp-image-2591 not-transparent\" alt=\"\" data-has-transparency=\"false\" data-dominant-color=\"624933\" style=\"--dominant-color: #624933\" \/><\/div>\n\t\t<\/a>\n\t\t\t\t<div class=\"elementor-post__text\">\n\t\t\t\t<h3 class=\"elementor-post__title\">\n\t\t\t<a href=\"https:\/\/v17portal.com\/mundov17\/encontre-o-stitch-de-pelucia-ideal-dicas-essenciais-para-a-sua-busca\/\" >\n\t\t\t\tEncontre o Stitch de Pel\u00facia Ideal: Dicas Essenciais para a Sua Busca\t\t\t<\/a>\n\t\t<\/h3>\n\t\t\t\t<div class=\"elementor-post__meta-data\">\n\t\t\t\t\t<span class=\"elementor-post-author\">\n\t\t\tReda\u00e7\u00e3o Portal V17\t\t<\/span>\n\t\t\t\t<span class=\"elementor-post-date\">\n\t\t\t21\/03\/2026\t\t<\/span>\n\t\t\t\t<span class=\"elementor-post-avatar\">\n\t\t\tNenhum coment\u00e1rio\t\t<\/span>\n\t\t\t\t<\/div>\n\t\t\t\t<div class=\"elementor-post__excerpt\">\n\t\t\t<p>Encontre o Stitch de pel\u00facia perfeito para o seu prop\u00f3sito, seja como companheiro de aconchego, item de cole\u00e7\u00e3o ou decora\u00e7\u00e3o. Aprenda a escolher o tamanho, material e acabamento ideais para garantir satisfa\u00e7\u00e3o e carinho duradouros.<\/p>\n\t\t<\/div>\n\t\t\n\t\t<a class=\"elementor-post__read-more\" href=\"https:\/\/v17portal.com\/mundov17\/encontre-o-stitch-de-pelucia-ideal-dicas-essenciais-para-a-sua-busca\/\" aria-label=\"Leia mais sobre Encontre o Stitch de Pel\u00facia Ideal: Dicas Essenciais para a Sua Busca\" tabindex=\"-1\" >\n\t\t\tLeia mais \u00bb\t\t<\/a>\n\n\t\t\t\t<\/div>\n\t\t\t\t<\/article>\n\t\t\t\t<\/div>\n\t\t\n\t\t\t\t<div class=\"e-load-more-anchor\" data-page=\"1\" data-max-page=\"36\" data-next-page=\"https:\/\/v17portal.com\/mundov17\/wp-json\/wp\/v2\/pages\/438\/page\/2\/\"><\/div>\n\t\t\t\t<nav class=\"elementor-pagination\" aria-label=\"Pagina\u00e7\u00e3o\">\n\t\t\t<span class=\"page-numbers prev\">&laquo; Anterior<\/span>\n<a class=\"page-numbers next\" href=\"https:\/\/v17portal.com\/mundov17\/wp-json\/wp\/v2\/pages\/438\/page\/2\/\">Seguinte &raquo;<\/a>\t\t<\/nav>\n\t\t\t\t\t\t<\/div>\n\t\t\t\t<\/div>\n\t\t\t\t\t<\/div>\n\t\t\t\t<\/div>\n\t\t\t\t<\/div>\n\t\t","protected":false},"excerpt":{"rendered":"<p>TODOS OS POSTS<\/p>\n","protected":false},"author":4,"featured_media":0,"parent":0,"menu_order":0,"comment_status":"closed","ping_status":"closed","template":"","meta":{"footnotes":""},"class_list":["post-438","page","type-page","status-publish","hentry"],"yoast_head":"<!-- This site is optimized with the Yoast SEO plugin v27.1.1 - https:\/\/yoast.com\/product\/yoast-seo-wordpress\/ -->\n<title>Todos posts - Mundo V17<\/title>\n<meta name=\"robots\" content=\"index, follow, max-snippet:-1, max-image-preview:large, max-video-preview:-1\" \/>\n<link rel=\"canonical\" href=\"https:\/\/v17portal.com\/mundov17\/todos-posts\/\" \/>\n<meta property=\"og:locale\" content=\"pt_BR\" \/>\n<meta property=\"og:type\" content=\"article\" \/>\n<meta property=\"og:title\" content=\"Todos posts - Mundo V17\" \/>\n<meta property=\"og:description\" content=\"TODOS OS POSTS\" \/>\n<meta property=\"og:url\" content=\"https:\/\/v17portal.com\/mundov17\/todos-posts\/\" \/>\n<meta property=\"og:site_name\" content=\"Mundo V17\" \/>\n<meta property=\"article:modified_time\" content=\"2025-09-25T20:26:27+00:00\" \/>\n<meta name=\"twitter:card\" content=\"summary_large_image\" \/>\n<meta name=\"twitter:label1\" content=\"Est. tempo de leitura\" \/>\n\t<meta name=\"twitter:data1\" content=\"5 minutos\" \/>\n<script type=\"application\/ld+json\" class=\"yoast-schema-graph\">{\"@context\":\"https:\/\/schema.org\",\"@graph\":[{\"@type\":\"WebPage\",\"@id\":\"https:\/\/v17portal.com\/mundov17\/todos-posts\/\",\"url\":\"https:\/\/v17portal.com\/mundov17\/todos-posts\/\",\"name\":\"Todos posts - Mundo V17\",\"isPartOf\":{\"@id\":\"https:\/\/v17portal.com\/mundov17\/#website\"},\"datePublished\":\"2025-06-22T15:20:10+00:00\",\"dateModified\":\"2025-09-25T20:26:27+00:00\",\"inLanguage\":\"pt-BR\",\"potentialAction\":[{\"@type\":\"ReadAction\",\"target\":[\"https:\/\/v17portal.com\/mundov17\/todos-posts\/\"]}]},{\"@type\":\"WebSite\",\"@id\":\"https:\/\/v17portal.com\/mundov17\/#website\",\"url\":\"https:\/\/v17portal.com\/mundov17\/\",\"name\":\"Mundo V17\",\"description\":\"O mundo todo na sua m\u00e3o!\",\"publisher\":{\"@id\":\"https:\/\/v17portal.com\/mundov17\/#organization\"},\"potentialAction\":[{\"@type\":\"SearchAction\",\"target\":{\"@type\":\"EntryPoint\",\"urlTemplate\":\"https:\/\/v17portal.com\/mundov17\/?s={search_term_string}\"},\"query-input\":{\"@type\":\"PropertyValueSpecification\",\"valueRequired\":true,\"valueName\":\"search_term_string\"}}],\"inLanguage\":\"pt-BR\"},{\"@type\":\"Organization\",\"@id\":\"https:\/\/v17portal.com\/mundov17\/#organization\",\"name\":\"Mundo V17\",\"url\":\"https:\/\/v17portal.com\/mundov17\/\",\"logo\":{\"@type\":\"ImageObject\",\"inLanguage\":\"pt-BR\",\"@id\":\"https:\/\/v17portal.com\/mundov17\/#\/schema\/logo\/image\/\",\"url\":\"https:\/\/v17portal.com\/mundov17\/wp-content\/uploads\/2025\/09\/Mundo-V17.jpg\",\"contentUrl\":\"https:\/\/v17portal.com\/mundov17\/wp-content\/uploads\/2025\/09\/Mundo-V17.jpg\",\"width\":300,\"height\":106,\"caption\":\"Mundo V17\"},\"image\":{\"@id\":\"https:\/\/v17portal.com\/mundov17\/#\/schema\/logo\/image\/\"}}]}<\/script>\n<!-- \/ Yoast SEO plugin. -->","yoast_head_json":{"title":"Todos posts - Mundo V17","robots":{"index":"index","follow":"follow","max-snippet":"max-snippet:-1","max-image-preview":"max-image-preview:large","max-video-preview":"max-video-preview:-1"},"canonical":"https:\/\/v17portal.com\/mundov17\/todos-posts\/","og_locale":"pt_BR","og_type":"article","og_title":"Todos posts - Mundo V17","og_description":"TODOS OS POSTS","og_url":"https:\/\/v17portal.com\/mundov17\/todos-posts\/","og_site_name":"Mundo V17","article_modified_time":"2025-09-25T20:26:27+00:00","twitter_card":"summary_large_image","twitter_misc":{"Est. tempo de leitura":"5 minutos"},"schema":{"@context":"https:\/\/schema.org","@graph":[{"@type":"WebPage","@id":"https:\/\/v17portal.com\/mundov17\/todos-posts\/","url":"https:\/\/v17portal.com\/mundov17\/todos-posts\/","name":"Todos posts - Mundo V17","isPartOf":{"@id":"https:\/\/v17portal.com\/mundov17\/#website"},"datePublished":"2025-06-22T15:20:10+00:00","dateModified":"2025-09-25T20:26:27+00:00","inLanguage":"pt-BR","potentialAction":[{"@type":"ReadAction","target":["https:\/\/v17portal.com\/mundov17\/todos-posts\/"]}]},{"@type":"WebSite","@id":"https:\/\/v17portal.com\/mundov17\/#website","url":"https:\/\/v17portal.com\/mundov17\/","name":"Mundo V17","description":"O mundo todo na sua m\u00e3o!","publisher":{"@id":"https:\/\/v17portal.com\/mundov17\/#organization"},"potentialAction":[{"@type":"SearchAction","target":{"@type":"EntryPoint","urlTemplate":"https:\/\/v17portal.com\/mundov17\/?s={search_term_string}"},"query-input":{"@type":"PropertyValueSpecification","valueRequired":true,"valueName":"search_term_string"}}],"inLanguage":"pt-BR"},{"@type":"Organization","@id":"https:\/\/v17portal.com\/mundov17\/#organization","name":"Mundo V17","url":"https:\/\/v17portal.com\/mundov17\/","logo":{"@type":"ImageObject","inLanguage":"pt-BR","@id":"https:\/\/v17portal.com\/mundov17\/#\/schema\/logo\/image\/","url":"https:\/\/v17portal.com\/mundov17\/wp-content\/uploads\/2025\/09\/Mundo-V17.jpg","contentUrl":"https:\/\/v17portal.com\/mundov17\/wp-content\/uploads\/2025\/09\/Mundo-V17.jpg","width":300,"height":106,"caption":"Mundo V17"},"image":{"@id":"https:\/\/v17portal.com\/mundov17\/#\/schema\/logo\/image\/"}}]}},"_links":{"self":[{"href":"https:\/\/v17portal.com\/mundov17\/wp-json\/wp\/v2\/pages\/438","targetHints":{"allow":["GET"]}}],"collection":[{"href":"https:\/\/v17portal.com\/mundov17\/wp-json\/wp\/v2\/pages"}],"about":[{"href":"https:\/\/v17portal.com\/mundov17\/wp-json\/wp\/v2\/types\/page"}],"author":[{"embeddable":true,"href":"https:\/\/v17portal.com\/mundov17\/wp-json\/wp\/v2\/users\/4"}],"replies":[{"embeddable":true,"href":"https:\/\/v17portal.com\/mundov17\/wp-json\/wp\/v2\/comments?post=438"}],"version-history":[{"count":1,"href":"https:\/\/v17portal.com\/mundov17\/wp-json\/wp\/v2\/pages\/438\/revisions"}],"predecessor-version":[{"id":975,"href":"https:\/\/v17portal.com\/mundov17\/wp-json\/wp\/v2\/pages\/438\/revisions\/975"}],"wp:attachment":[{"href":"https:\/\/v17portal.com\/mundov17\/wp-json\/wp\/v2\/media?parent=438"}],"curies":[{"name":"wp","href":"https:\/\/api.w.org\/{rel}","templated":true}]}}